{"id":483,"date":"2024-03-04T14:35:18","date_gmt":"2024-03-04T13:35:18","guid":{"rendered":"https:\/\/frarvert.synology.me\/wordpress\/?page_id=483"},"modified":"2026-03-17T11:50:47","modified_gmt":"2026-03-17T10:50:47","slug":"photos","status":"publish","type":"page","link":"https:\/\/www.foyerruralarvert.fr\/accueil\/photos\/","title":{"rendered":"PHOTOS"},"content":{"rendered":"\n<div class=\"wp-block-columns is-layout-flex wp-container-core-columns-is-layout-28f84493 wp-block-columns-is-layout-flex\">\n<div class=\"wp-block-column is-layout-flow wp-block-column-is-layout-flow\">\n<figure class=\"wp-block-image aligncenter size-full is-resized\"><a href=\"https:\/\/www.foyerruralarvert.fr\/photos-randonnees\/\"><img loading=\"lazy\" decoding=\"async\" width=\"233\" height=\"216\" src=\"https:\/\/www.foyerruralarvert.fr\/wp-content\/uploads\/2024\/03\/photo-rando-pedestre-removebg-preview.png\" alt=\"\" class=\"wp-image-933\" style=\"width:220px;height:auto\"\/><\/a><figcaption class=\"wp-element-caption\"><strong><em><a href=\"https:\/\/www.foyerruralarvert.fr\/photos-randonnees\/\">Photos Randos<\/a><\/em><\/strong><\/figcaption><\/figure>\n<\/div>\n\n\n\n<div class=\"wp-block-column is-layout-flow wp-block-column-is-layout-flow\"><\/div>\n\n\n\n<div class=\"wp-block-column is-layout-flow wp-block-column-is-layout-flow\">\n<div class=\"wp-block-uagb-image aligncenter uagb-block-e548d4a4 wp-block-uagb-image--layout-default wp-block-uagb-image--effect-static wp-block-uagb-image--align-center\"><figure class=\"wp-block-uagb-image__figure\"><a class=\"\" href=\"https:\/\/photos.app.goo.gl\/Xnr158DdnHtxqtkKA\" target=\"_blank\" rel=\"noreferrer noopener\"><img decoding=\"async\" srcset=\"https:\/\/www.foyerruralarvert.fr\/wp-content\/uploads\/2024\/12\/IMG_20241214_140232-1024x576.jpg ,https:\/\/www.foyerruralarvert.fr\/wp-content\/uploads\/2024\/12\/IMG_20241214_140232-scaled.jpg 780w, https:\/\/www.foyerruralarvert.fr\/wp-content\/uploads\/2024\/12\/IMG_20241214_140232-scaled.jpg 360w\" sizes=\"auto, (max-width: 480px) 150px\" src=\"https:\/\/www.foyerruralarvert.fr\/wp-content\/uploads\/2024\/12\/IMG_20241214_140232-1024x576.jpg\" alt=\"\" class=\"uag-image-2523\" width=\"4096\" height=\"2304\" title=\"IMG_20241214_140232\" loading=\"lazy\" role=\"img\"\/><\/a><\/figure><\/div>\n\n\n\n<p class=\"has-text-align-center\"><em><strong><a href=\"https:\/\/photos.app.goo.gl\/Xnr158DdnHtxqtkKA\">Repas de Fin d&rsquo;ann\u00e9e <\/a><\/strong><\/em><\/p>\n<\/div>\n<\/div>\n\n\n\n<div class=\"wp-block-columns is-layout-flex wp-container-core-columns-is-layout-28f84493 wp-block-columns-is-layout-flex\">\n<div class=\"wp-block-column is-layout-flow wp-block-column-is-layout-flow\">\n<figure class=\"wp-block-image size-large\"><a href=\"https:\/\/photos.app.goo.gl\/uvBR5rFc2AibgzeHA\"><img loading=\"lazy\" decoding=\"async\" width=\"1024\" height=\"683\" src=\"https:\/\/www.foyerruralarvert.fr\/wp-content\/uploads\/2025\/01\/18-1024x683.jpg\" alt=\"\" class=\"wp-image-2636\" srcset=\"https:\/\/www.foyerruralarvert.fr\/wp-content\/uploads\/2025\/01\/18-1024x683.jpg 1024w, https:\/\/www.foyerruralarvert.fr\/wp-content\/uploads\/2025\/01\/18-1536x1024.jpg 1536w, https:\/\/www.foyerruralarvert.fr\/wp-content\/uploads\/2025\/01\/18-2048x1365.jpg 2048w, https:\/\/www.foyerruralarvert.fr\/wp-content\/uploads\/2025\/01\/18-300x200.jpg 300w, https:\/\/www.foyerruralarvert.fr\/wp-content\/uploads\/2025\/01\/18-768x512.jpg 768w\" sizes=\"auto, (max-width: 1024px) 100vw, 1024px\" \/><\/a><figcaption class=\"wp-element-caption\"><em><a href=\"https:\/\/photos.app.goo.gl\/uvBR5rFc2AibgzeHA\"><strong>Photos galette janvier 2025<\/strong><\/a><\/em><\/figcaption><\/figure>\n\n\n\n<p class=\"has-text-align-center has-medium-font-size\"><em><a href=\"https:\/\/photos.app.goo.gl\/uvBR5rFc2AibgzeHA\"><\/a><\/em><\/p>\n<\/div>\n\n\n\n<div class=\"wp-block-column is-layout-flow wp-block-column-is-layout-flow\">\n<div class=\"wp-block-uagb-image aligncenter uagb-block-fc2511f8 wp-block-uagb-image--layout-default wp-block-uagb-image--effect-static wp-block-uagb-image--align-center\"><figure class=\"wp-block-uagb-image__figure\"><img decoding=\"async\" srcset=\"https:\/\/www.foyerruralarvert.fr\/wp-content\/uploads\/2024\/10\/PHOTO-LIVRET-ACCUEIL-1024x683.jpg ,https:\/\/www.foyerruralarvert.fr\/wp-content\/uploads\/2024\/10\/PHOTO-LIVRET-ACCUEIL.jpg 780w, https:\/\/www.foyerruralarvert.fr\/wp-content\/uploads\/2024\/10\/PHOTO-LIVRET-ACCUEIL.jpg 360w\" sizes=\"auto, (max-width: 480px) 150px\" src=\"https:\/\/www.foyerruralarvert.fr\/wp-content\/uploads\/2024\/10\/PHOTO-LIVRET-ACCUEIL-1024x683.jpg\" alt=\"\" class=\"uag-image-1524\" width=\"1024\" height=\"683\" title=\"atelier photo\" loading=\"lazy\" role=\"img\"\/><\/figure><\/div>\n\n\n\n<p class=\"has-text-align-center\"><a href=\"https:\/\/www.foyerruralarvert.fr\/accueil\/photos-sorties-atelier-photos\/\" data-type=\"page\" data-id=\"3104\">Sorties Atelier Photos <\/a><\/p>\n<\/div>\n\n\n\n<div class=\"wp-block-column is-layout-flow wp-block-column-is-layout-flow\">\n<div class=\"wp-block-uagb-image aligncenter uagb-block-1f6607e5 wp-block-uagb-image--layout-default wp-block-uagb-image--effect-static wp-block-uagb-image--align-center\"><figure class=\"wp-block-uagb-image__figure\"><img decoding=\"async\" srcset=\"https:\/\/www.foyerruralarvert.fr\/wp-content\/uploads\/2026\/03\/Programme-PES-21-02-1.jpg ,https:\/\/www.foyerruralarvert.fr\/wp-content\/uploads\/2026\/03\/Programme-PES-21-02-1.jpg 780w, https:\/\/www.foyerruralarvert.fr\/wp-content\/uploads\/2026\/03\/Programme-PES-21-02-1.jpg 360w\" sizes=\"auto, (max-width: 480px) 150px\" src=\"https:\/\/www.foyerruralarvert.fr\/wp-content\/uploads\/2026\/03\/Programme-PES-21-02-1.jpg\" alt=\"\" class=\"uag-image-4072\" width=\"176\" height=\"249\" title=\"Programme PES 21 02\" loading=\"lazy\" role=\"img\"\/><\/figure><\/div>\n\n\n\n<p class=\"has-text-align-center\"><em><a href=\"https:\/\/www.foyerruralarvert.fr\/accueil\/photos-theatre\/\" data-type=\"page\" data-id=\"3307\">Th\u00e9\u00e2tre <\/a><\/em><\/p>\n<\/div>\n<\/div>\n\n\n\n<div class=\"wp-block-columns is-layout-flex wp-container-core-columns-is-layout-28f84493 wp-block-columns-is-layout-flex\">\n<div class=\"wp-block-column is-layout-flow wp-block-column-is-layout-flow\">\n<p class=\"has-text-align-center has-medium-font-size\"><em><a href=\"https:\/\/photos.app.goo.gl\/uvBR5rFc2AibgzeHA\"><\/a><\/em><\/p>\n\n\n\n<div class=\"wp-block-uagb-image aligncenter uagb-block-344c4309 wp-block-uagb-image--layout-default wp-block-uagb-image--effect-static wp-block-uagb-image--align-center\"><figure class=\"wp-block-uagb-image__figure\"><a class=\"\" href=\"https:\/\/photos.app.goo.gl\/n8P2E1TWpJ6tB4iB8\" target=\"_blank\" rel=\"noreferrer noopener\"><img decoding=\"async\" srcset=\"https:\/\/www.foyerruralarvert.fr\/wp-content\/uploads\/2025\/05\/P1010312-Petite.jpeg ,https:\/\/www.foyerruralarvert.fr\/wp-content\/uploads\/2025\/05\/P1010312-Petite.jpeg 780w, https:\/\/www.foyerruralarvert.fr\/wp-content\/uploads\/2025\/05\/P1010312-Petite.jpeg 360w\" sizes=\"auto, (max-width: 480px) 150px\" src=\"https:\/\/www.foyerruralarvert.fr\/wp-content\/uploads\/2025\/05\/P1010312-Petite.jpeg\" alt=\"\" class=\"uag-image-3408\" width=\"320\" height=\"240\" title=\"OLYMPUS DIGITAL CAMERA\" loading=\"lazy\" role=\"img\"\/><\/a><\/figure><\/div>\n\n\n\n<p class=\"has-text-align-center\"><a href=\"https:\/\/photos.app.goo.gl\/n8P2E1TWpJ6tB4iB8\" target=\"_blank\" rel=\"noreferrer noopener\">Venise Verte 2025<\/a><\/p>\n<\/div>\n\n\n\n<div class=\"wp-block-column is-layout-flow wp-block-column-is-layout-flow\">\n<p class=\"has-text-align-center\"><\/p>\n\n\n\n<div class=\"wp-block-uagb-image aligncenter uagb-block-348c0e99 wp-block-uagb-image--layout-default wp-block-uagb-image--effect-static wp-block-uagb-image--align-center\"><figure class=\"wp-block-uagb-image__figure\"><a class=\"\" href=\"https:\/\/photos.app.goo.gl\/M4yDNB3ekWp9kovS9\" target=\"_blank\" rel=\"noreferrer noopener\"><img decoding=\"async\" srcset=\"https:\/\/www.foyerruralarvert.fr\/wp-content\/uploads\/2025\/05\/P1090484-1-974x1024.jpg ,https:\/\/www.foyerruralarvert.fr\/wp-content\/uploads\/2025\/05\/P1090484-1-scaled.jpg 780w, https:\/\/www.foyerruralarvert.fr\/wp-content\/uploads\/2025\/05\/P1090484-1-scaled.jpg 360w\" sizes=\"auto, (max-width: 480px) 150px\" src=\"https:\/\/www.foyerruralarvert.fr\/wp-content\/uploads\/2025\/05\/P1090484-1-974x1024.jpg\" alt=\"\" class=\"uag-image-3416\" width=\"9981\" height=\"10494\" title=\"P1090484\" loading=\"lazy\" role=\"img\"\/><\/a><\/figure><\/div>\n\n\n\n<p class=\"has-text-align-center\"><a href=\"https:\/\/photos.app.goo.gl\/M4yDNB3ekWp9kovS9\" target=\"_blank\" rel=\"noreferrer noopener\">Les Incorruptibles Maternelle <\/a><\/p>\n<\/div>\n\n\n\n<div class=\"wp-block-column is-layout-flow wp-block-column-is-layout-flow\">\n<p class=\"has-text-align-center\"><\/p>\n\n\n\n<div class=\"wp-block-uagb-image aligncenter uagb-block-96e26273 wp-block-uagb-image--layout-default wp-block-uagb-image--effect-static wp-block-uagb-image--align-center\"><figure class=\"wp-block-uagb-image__figure\"><a class=\"\" href=\"https:\/\/photos.app.goo.gl\/wtyuJ9PSdQiyJuED7\" target=\"_blank\" rel=\"noreferrer noopener\"><img decoding=\"async\" srcset=\"https:\/\/www.foyerruralarvert.fr\/wp-content\/uploads\/2025\/05\/P1090655-1024x682.jpg ,https:\/\/www.foyerruralarvert.fr\/wp-content\/uploads\/2025\/05\/P1090655-scaled.jpg 780w, https:\/\/www.foyerruralarvert.fr\/wp-content\/uploads\/2025\/05\/P1090655-scaled.jpg 360w\" sizes=\"auto, (max-width: 480px) 150px\" src=\"https:\/\/www.foyerruralarvert.fr\/wp-content\/uploads\/2025\/05\/P1090655-1024x682.jpg\" alt=\"\" class=\"uag-image-3417\" width=\"3000\" height=\"1998\" title=\"P1090655\" loading=\"lazy\" role=\"img\"\/><\/a><\/figure><\/div>\n\n\n\n<p class=\"has-text-align-center\"><a href=\"https:\/\/photos.app.goo.gl\/wtyuJ9PSdQiyJuED7\" target=\"_blank\" rel=\"noreferrer noopener\">Les Incorruptibles Primaire <\/a><\/p>\n<\/div>\n<\/div>\n\n\n\n<p class=\"has-text-align-center has-x-large-font-size\"><a href=\"https:\/\/www.foyerruralarvert.fr\/accueil\/\" data-type=\"page\" data-id=\"26\"><strong>Retour<\/strong> <img loading=\"lazy\" decoding=\"async\" width=\"50\" height=\"50\" class=\"wp-image-577\" style=\"width: 50px;\" src=\"https:\/\/www.foyerruralarvert.fr\/wp-content\/uploads\/2024\/03\/retour.png\" alt=\"\" srcset=\"https:\/\/www.foyerruralarvert.fr\/wp-content\/uploads\/2024\/03\/retour.png 256w, https:\/\/www.foyerruralarvert.fr\/wp-content\/uploads\/2024\/03\/retour-150x150.png 150w\" sizes=\"auto, (max-width: 50px) 100vw, 50px\" \/><\/a><\/p>\n\n\n\n<p><\/p>\n","protected":false},"excerpt":{"rendered":"<p>Repas de Fin d&rsquo;ann\u00e9e Sorties Atelier Photos Th\u00e9\u00e2tre Venise Verte 2025 Les Incorruptibles Maternelle Les Incorruptibles Primaire Retour<\/p>\n","protected":false},"author":1,"featured_media":0,"parent":0,"menu_order":0,"comment_status":"closed","ping_status":"closed","template":"","meta":{"_uag_custom_page_level_css":"","site-sidebar-layout":"default","site-content-layout":"","ast-site-content-layout":"default","site-content-style":"default","site-sidebar-style":"default","ast-global-header-display":"","ast-banner-title-visibility":"","ast-main-header-display":"","ast-hfb-above-header-display":"","ast-hfb-below-header-display":"","ast-hfb-mobile-header-display":"","site-post-title":"","ast-breadcrumbs-content":"","ast-featured-img":"","footer-sml-layout":"","ast-disable-related-posts":"","theme-transparent-header-meta":"","adv-header-id-meta":"","stick-header-meta":"","header-above-stick-meta":"","header-main-stick-meta":"","header-below-stick-meta":"","astra-migrate-meta-layouts":"default","ast-page-background-enabled":"default","ast-page-background-meta":{"desktop":{"background-color":"var(--ast-global-color-4)","background-image":"","background-repeat":"repeat","background-position":"center center","background-size":"auto","background-attachment":"scroll","background-type":"","background-media":"","overlay-type":"","overlay-color":"","overlay-opacity":"","overlay-gradient":""},"tablet":{"background-color":"","background-image":"","background-repeat":"repeat","background-position":"center center","background-size":"auto","background-attachment":"scroll","background-type":"","background-media":"","overlay-type":"","overlay-color":"","overlay-opacity":"","overlay-gradient":""},"mobile":{"background-color":"","background-image":"","background-repeat":"repeat","background-position":"center center","background-size":"auto","background-attachment":"scroll","background-type":"","background-media":"","overlay-type":"","overlay-color":"","overlay-opacity":"","overlay-gradient":""}},"ast-content-background-meta":{"desktop":{"background-color":"var(--ast-global-color-5)","background-image":"","background-repeat":"repeat","background-position":"center center","background-size":"auto","background-attachment":"scroll","background-type":"","background-media":"","overlay-type":"","overlay-color":"","overlay-opacity":"","overlay-gradient":""},"tablet":{"background-color":"var(--ast-global-color-5)","background-image":"","background-repeat":"repeat","background-position":"center center","background-size":"auto","background-attachment":"scroll","background-type":"","background-media":"","overlay-type":"","overlay-color":"","overlay-opacity":"","overlay-gradient":""},"mobile":{"background-color":"var(--ast-global-color-5)","background-image":"","background-repeat":"repeat","background-position":"center center","background-size":"auto","background-attachment":"scroll","background-type":"","background-media":"","overlay-type":"","overlay-color":"","overlay-opacity":"","overlay-gradient":""}},"footnotes":""},"class_list":["post-483","page","type-page","status-publish","hentry"],"uagb_featured_image_src":{"full":false,"thumbnail":false,"medium":false,"medium_large":false,"large":false,"1536x1536":false,"2048x2048":false},"uagb_author_info":{"display_name":"foyerrural","author_link":"https:\/\/www.foyerruralarvert.fr\/accueil\/author\/foyerrural\/"},"uagb_comment_info":0,"uagb_excerpt":"Repas de Fin d&rsquo;ann\u00e9e Sorties Atelier Photos Th\u00e9\u00e2tre Venise Verte 2025 Les Incorruptibles Maternelle Les Incorruptibles Primaire Retour","_links":{"self":[{"href":"https:\/\/www.foyerruralarvert.fr\/accueil\/wp-json\/wp\/v2\/pages\/483","targetHints":{"allow":["GET"]}}],"collection":[{"href":"https:\/\/www.foyerruralarvert.fr\/accueil\/wp-json\/wp\/v2\/pages"}],"about":[{"href":"https:\/\/www.foyerruralarvert.fr\/accueil\/wp-json\/wp\/v2\/types\/page"}],"author":[{"embeddable":true,"href":"https:\/\/www.foyerruralarvert.fr\/accueil\/wp-json\/wp\/v2\/users\/1"}],"replies":[{"embeddable":true,"href":"https:\/\/www.foyerruralarvert.fr\/accueil\/wp-json\/wp\/v2\/comments?post=483"}],"version-history":[{"count":28,"href":"https:\/\/www.foyerruralarvert.fr\/accueil\/wp-json\/wp\/v2\/pages\/483\/revisions"}],"predecessor-version":[{"id":4294,"href":"https:\/\/www.foyerruralarvert.fr\/accueil\/wp-json\/wp\/v2\/pages\/483\/revisions\/4294"}],"wp:attachment":[{"href":"https:\/\/www.foyerruralarvert.fr\/accueil\/wp-json\/wp\/v2\/media?parent=483"}],"curies":[{"name":"wp","href":"https:\/\/api.w.org\/{rel}","templated":true}]}}