{"id":530,"date":"2024-03-04T21:27:41","date_gmt":"2024-03-04T20:27:41","guid":{"rendered":"https:\/\/frarvert.synology.me\/wordpress\/?page_id=530"},"modified":"2026-03-17T11:32:00","modified_gmt":"2026-03-17T10:32:00","slug":"echecs","status":"publish","type":"page","link":"https:\/\/www.foyerruralarvert.fr\/accueil\/echecs\/","title":{"rendered":"Echecs"},"content":{"rendered":"\n<figure class=\"wp-block-image aligncenter size-full is-resized\"><img loading=\"lazy\" decoding=\"async\" width=\"2560\" height=\"1701\" src=\"https:\/\/www.foyerruralarvert.fr\/wp-content\/uploads\/2024\/10\/echecs-bis--scaled.jpg\" alt=\"\" class=\"wp-image-1572\" style=\"width:613px;height:auto\" srcset=\"https:\/\/www.foyerruralarvert.fr\/wp-content\/uploads\/2024\/10\/echecs-bis--scaled.jpg 2560w, https:\/\/www.foyerruralarvert.fr\/wp-content\/uploads\/2024\/10\/echecs-bis--1536x1020.jpg 1536w, https:\/\/www.foyerruralarvert.fr\/wp-content\/uploads\/2024\/10\/echecs-bis--2048x1360.jpg 2048w, https:\/\/www.foyerruralarvert.fr\/wp-content\/uploads\/2024\/10\/echecs-bis--300x199.jpg 300w, https:\/\/www.foyerruralarvert.fr\/wp-content\/uploads\/2024\/10\/echecs-bis--768x510.jpg 768w, https:\/\/www.foyerruralarvert.fr\/wp-content\/uploads\/2024\/10\/echecs-bis--1024x680.jpg 1024w\" sizes=\"auto, (max-width: 2560px) 100vw, 2560px\" \/><\/figure>\n\n\n\n<p class=\"has-text-align-center has-black-color has-text-color has-link-color has-medium-font-size wp-elements-c74a96ca66ae3cd2d71d97a50dbcf217\"><strong><br>Animateurs : Jean-Louis DESHAIES<\/strong>, <strong>G\u00e9rard DION, G\u00e9rald KORDONOVITCH<\/strong><br><strong>T\u00e9l 06 04 67 29 41\u00a0<br> mail : <a href=\"mailto:jlouisrenee@aliceadsl.fr\" target=\"_blank\" rel=\"noreferrer noopener\">jlouisrenee@aliceadsl.fr<\/a>\u00a0<\/strong><\/p>\n\n\n\n<p class=\"has-text-align-center has-medium-font-size\" style=\"padding-right: var(--wp--preset--spacing--80); padding-left: var(--wp--preset--spacing--80);\"><strong>\u00a0Quand ? Tous niveaux : Mercredi 16h00 &#8211; 17h45\u00a0<\/strong><br \/><strong>Adultes : Vendredi 18h00 &#8211; 20h00<br \/><\/strong><strong>O\u00f9 ? Salle du Ch\u00e2teau d&rsquo;eau<br \/><\/strong><strong>\u00a0\u00e0 l&rsquo;angle des rues des Tilleuls<\/strong><strong>\u00a0et du ch\u00e2teau d&rsquo;eau<\/strong> <strong>ARVERT<\/strong><\/p>\n\n\n\n<p class=\"has-text-align-center has-medium-font-size\" style=\"padding-right:var(--wp--preset--spacing--80);padding-left:var(--wp--preset--spacing--80)\">Dans le cadre de la convention sign\u00e9e avec le SIVOM, l&rsquo;atelier ECHECS anime un atelier avec les enfants 1 mercredi par mois<br><br>Dans le cadre de la convention sign\u00e9e avec l&rsquo;\u00e9cole \u00e9l\u00e9mentaire d&rsquo;Arvert, l&rsquo;atelier ECHECS anime un atelier avec les enfants de CM1 un apr\u00e8s-midi par mois<\/p>\n\n\n\n<div class=\"wp-block-columns is-layout-flex wp-container-core-columns-is-layout-28f84493 wp-block-columns-is-layout-flex\">\n<div class=\"wp-block-column is-layout-flow wp-block-column-is-layout-flow\">\n<figure class=\"wp-block-image aligncenter size-full is-resized\"><img loading=\"lazy\" decoding=\"async\" width=\"553\" height=\"789\" src=\"https:\/\/www.foyerruralarvert.fr\/wp-content\/uploads\/2024\/03\/echecs2.jpg\" alt=\"\" class=\"wp-image-797\" style=\"width:400px\" srcset=\"https:\/\/www.foyerruralarvert.fr\/wp-content\/uploads\/2024\/03\/echecs2.jpg 553w, https:\/\/www.foyerruralarvert.fr\/wp-content\/uploads\/2024\/03\/echecs2-210x300.jpg 210w\" sizes=\"auto, (max-width: 553px) 100vw, 553px\" \/><\/figure>\n<\/div>\n\n\n\n<div class=\"wp-block-column is-layout-flow wp-block-column-is-layout-flow\">\n<div class=\"wp-block-uagb-image uagb-block-e3421253 wp-block-uagb-image--layout-default wp-block-uagb-image--effect-static wp-block-uagb-image--align-none\"><figure class=\"wp-block-uagb-image__figure\"><img decoding=\"async\" srcset=\"https:\/\/www.foyerruralarvert.fr\/wp-content\/uploads\/2025\/09\/echecs-pub-3009-724x1024.jpg ,https:\/\/www.foyerruralarvert.fr\/wp-content\/uploads\/2025\/09\/echecs-pub-3009.jpg 780w, https:\/\/www.foyerruralarvert.fr\/wp-content\/uploads\/2025\/09\/echecs-pub-3009.jpg 360w\" sizes=\"auto, (max-width: 480px) 150px\" src=\"https:\/\/www.foyerruralarvert.fr\/wp-content\/uploads\/2025\/09\/echecs-pub-3009-724x1024.jpg\" alt=\"\" class=\"uag-image-3706\" width=\"1364\" height=\"1929\" title=\"echecs pub 3009\" loading=\"lazy\" role=\"img\"\/><\/figure><\/div>\n<\/div>\n<\/div>\n\n\n\n<p class=\"has-text-align-center has-x-large-font-size\"><a href=\"https:\/\/www.foyerruralarvert.fr\/accueil\/activites\/\" data-type=\"page\" data-id=\"72\"><strong>Retour<\/strong><img loading=\"lazy\" decoding=\"async\" width=\"50\" height=\"50\" class=\"wp-image-577\" style=\"width: 50px;\" src=\"https:\/\/www.foyerruralarvert.fr\/wp-content\/uploads\/2024\/03\/retour.png\" alt=\"\" srcset=\"https:\/\/www.foyerruralarvert.fr\/wp-content\/uploads\/2024\/03\/retour.png 256w, https:\/\/www.foyerruralarvert.fr\/wp-content\/uploads\/2024\/03\/retour-150x150.png 150w\" sizes=\"auto, (max-width: 50px) 100vw, 50px\" \/><\/a><\/p>\n","protected":false},"excerpt":{"rendered":"<p>Animateurs : Jean-Louis DESHAIES, G\u00e9rard DION, G\u00e9rald KORDONOVITCHT\u00e9l 06 04 67 29 41\u00a0 mail : jlouisrenee@aliceadsl.fr\u00a0 \u00a0Quand ? Tous niveaux : Mercredi 16h00 &#8211; 17h45\u00a0Adultes : Vendredi 18h00 &#8211; 20h00O\u00f9 [&hellip;]<\/p>\n","protected":false},"author":1,"featured_media":0,"parent":0,"menu_order":0,"comment_status":"open","ping_status":"closed","template":"","meta":{"_uag_custom_page_level_css":"","site-sidebar-layout":"default","site-content-layout":"","ast-site-content-layout":"default","site-content-style":"default","site-sidebar-style":"default","ast-global-header-display":"","ast-banner-title-visibility":"","ast-main-header-display":"","ast-hfb-above-header-display":"","ast-hfb-below-header-display":"","ast-hfb-mobile-header-display":"","site-post-title":"","ast-breadcrumbs-content":"","ast-featured-img":"","footer-sml-layout":"","ast-disable-related-posts":"","theme-transparent-header-meta":"","adv-header-id-meta":"","stick-header-meta":"","header-above-stick-meta":"","header-main-stick-meta":"","header-below-stick-meta":"","astra-migrate-meta-layouts":"default","ast-page-background-enabled":"default","ast-page-background-meta":{"desktop":{"background-color":"var(--ast-global-color-4)","background-image":"","background-repeat":"repeat","background-position":"center center","background-size":"auto","background-attachment":"scroll","background-type":"","background-media":"","overlay-type":"","overlay-color":"","overlay-opacity":"","overlay-gradient":""},"tablet":{"background-color":"","background-image":"","background-repeat":"repeat","background-position":"center center","background-size":"auto","background-attachment":"scroll","background-type":"","background-media":"","overlay-type":"","overlay-color":"","overlay-opacity":"","overlay-gradient":""},"mobile":{"background-color":"","background-image":"","background-repeat":"repeat","background-position":"center center","background-size":"auto","background-attachment":"scroll","background-type":"","background-media":"","overlay-type":"","overlay-color":"","overlay-opacity":"","overlay-gradient":""}},"ast-content-background-meta":{"desktop":{"background-color":"var(--ast-global-color-5)","background-image":"","background-repeat":"repeat","background-position":"center center","background-size":"auto","background-attachment":"scroll","background-type":"","background-media":"","overlay-type":"","overlay-color":"","overlay-opacity":"","overlay-gradient":""},"tablet":{"background-color":"var(--ast-global-color-5)","background-image":"","background-repeat":"repeat","background-position":"center center","background-size":"auto","background-attachment":"scroll","background-type":"","background-media":"","overlay-type":"","overlay-color":"","overlay-opacity":"","overlay-gradient":""},"mobile":{"background-color":"var(--ast-global-color-5)","background-image":"","background-repeat":"repeat","background-position":"center center","background-size":"auto","background-attachment":"scroll","background-type":"","background-media":"","overlay-type":"","overlay-color":"","overlay-opacity":"","overlay-gradient":""}},"footnotes":""},"class_list":["post-530","page","type-page","status-publish","hentry"],"uagb_featured_image_src":{"full":false,"thumbnail":false,"medium":false,"medium_large":false,"large":false,"1536x1536":false,"2048x2048":false},"uagb_author_info":{"display_name":"foyerrural","author_link":"https:\/\/www.foyerruralarvert.fr\/accueil\/author\/foyerrural\/"},"uagb_comment_info":0,"uagb_excerpt":"Animateurs : Jean-Louis DESHAIES, G\u00e9rard DION, G\u00e9rald KORDONOVITCHT\u00e9l 06 04 67 29 41\u00a0 mail : jlouisrenee@aliceadsl.fr\u00a0 \u00a0Quand ? Tous niveaux : Mercredi 16h00 &#8211; 17h45\u00a0Adultes : Vendredi 18h00 &#8211; 20h00O\u00f9 [&hellip;]","_links":{"self":[{"href":"https:\/\/www.foyerruralarvert.fr\/accueil\/wp-json\/wp\/v2\/pages\/530","targetHints":{"allow":["GET"]}}],"collection":[{"href":"https:\/\/www.foyerruralarvert.fr\/accueil\/wp-json\/wp\/v2\/pages"}],"about":[{"href":"https:\/\/www.foyerruralarvert.fr\/accueil\/wp-json\/wp\/v2\/types\/page"}],"author":[{"embeddable":true,"href":"https:\/\/www.foyerruralarvert.fr\/accueil\/wp-json\/wp\/v2\/users\/1"}],"replies":[{"embeddable":true,"href":"https:\/\/www.foyerruralarvert.fr\/accueil\/wp-json\/wp\/v2\/comments?post=530"}],"version-history":[{"count":23,"href":"https:\/\/www.foyerruralarvert.fr\/accueil\/wp-json\/wp\/v2\/pages\/530\/revisions"}],"predecessor-version":[{"id":4276,"href":"https:\/\/www.foyerruralarvert.fr\/accueil\/wp-json\/wp\/v2\/pages\/530\/revisions\/4276"}],"wp:attachment":[{"href":"https:\/\/www.foyerruralarvert.fr\/accueil\/wp-json\/wp\/v2\/media?parent=530"}],"curies":[{"name":"wp","href":"https:\/\/api.w.org\/{rel}","templated":true}]}}