{"id":549,"date":"2024-03-05T15:20:48","date_gmt":"2024-03-05T14:20:48","guid":{"rendered":"https:\/\/frarvert.synology.me\/wordpress\/?page_id=549"},"modified":"2026-03-17T11:43:07","modified_gmt":"2026-03-17T10:43:07","slug":"anglais","status":"publish","type":"page","link":"https:\/\/www.foyerruralarvert.fr\/accueil\/anglais\/","title":{"rendered":"Anglais"},"content":{"rendered":"\n<figure class=\"wp-block-image aligncenter size-full\"><img loading=\"lazy\" decoding=\"async\" width=\"229\" height=\"219\" src=\"https:\/\/www.foyerruralarvert.fr\/wp-content\/uploads\/2024\/03\/photo-cours-anglais.jpg\" alt=\"\" class=\"wp-image-550\"\/><\/figure>\n\n\n\n<p><\/p>\n\n\n\n<p class=\"has-text-align-center has-medium-font-size\"><strong>Professeur :&nbsp;Pam CAUWEL<\/strong><\/p>\n\n\n\n<p class=\"has-text-align-center has-medium-font-size\"><strong>&nbsp;email <\/strong>: <a href=\"mailto:pam.well@orange.fr\" target=\"_blank\" rel=\"noreferrer noopener\">pam.well@orange.fr<\/a><\/p>\n\n\n\n<p class=\"has-medium-font-size\" style=\"padding-top:var(--wp--preset--spacing--30);padding-right:var(--wp--preset--spacing--60);padding-bottom:var(--wp--preset--spacing--30);padding-left:var(--wp--preset--spacing--60)\">Les cours sont assur\u00e9s par\u00a0Pam\u00a0au local du FOYER RURAL D&rsquo;ARVERT. Nous vous proposons 4 niveaux pour les adultes .<br><\/p>\n\n\n\n<p class=\"has-medium-font-size\" style=\"padding-top:var(--wp--preset--spacing--30);padding-right:var(--wp--preset--spacing--60);padding-bottom:var(--wp--preset--spacing--30);padding-left:var(--wp--preset--spacing--60)\"><em><strong><mark>C<\/mark><mark>O<\/mark><mark>U<\/mark><mark>R<\/mark><mark>S<\/mark><mark> <\/mark><mark> <\/mark><mark>P<\/mark><mark>O<\/mark><mark>U<\/mark><mark>R <\/mark><mark>A<\/mark><mark>D<\/mark><mark>U<\/mark><mark>L<\/mark><mark>T<\/mark><mark>E<\/mark><mark>S<\/mark><mark>:<\/mark><\/strong><\/em><\/p>\n\n\n\n<p class=\"has-medium-font-size\" style=\"margin-top:0;margin-bottom:0;padding-right:var(--wp--preset--spacing--80);padding-left:var(--wp--preset--spacing--80)\"><strong>Niveau \u00ab\u00a0faux\u00a0\u00bb d\u00e9butant le lundi de 16h45 \u00e0 18h15<br><br><\/strong>Vous avez d\u00e9j\u00e0 fait de l&rsquo;anglais mais peu et\/ou il y a bien longtemps. Ici on repart \u00e0 z\u00e9ro sur de bonnes bases et on avance \u00e0 votre rythme et toujours avec le sourire&nbsp;!<br><br><br><\/p>\n\n\n\n<p class=\"has-medium-font-size\" style=\"padding-right:var(--wp--preset--spacing--80);padding-left:var(--wp--preset--spacing--80)\"><strong>Niveau interm\u00e9diaire&nbsp;&nbsp;le jeudi de 18h00 \u00e0 19h30&nbsp;:<\/strong><br><br>Ce cours s\u2019adresse \u00e0 des personnes ayant d\u00e9j\u00e0 une certaine connaissance de la langue mais qui ne se sentent pas \u00e0 l\u2019aise soit parce que leur savoir est rest\u00e9 livresque sans occasion de pratiquer soit parce que certaines notions grammaticales auraient besoin d\u2019\u00eatre revues et approfondies.&nbsp;Why don\u2019t you join us ?<br><br><strong>Niveau Avanc\u00e9&nbsp; 1&nbsp;le lundi de 18h30 \u2013 20h<\/strong><br><br>You can speak English but you are not fluent yet. Practising is what you need, mostly, though some grammar review may help too. The classes are all in English but I&rsquo;ll slow down or repeat if necessary in a cheery atmosphere of course!<\/p>\n\n\n\n<p class=\"has-medium-font-size\" style=\"padding-right:var(--wp--preset--spacing--80);padding-left:var(--wp--preset--spacing--80)\"><br><strong>Niveau Avanc\u00e9 2&nbsp;Thursdays from 4:15 to 5:45 pm&nbsp;:<\/strong><br>&nbsp;<br>Practice makes perfect! Even when you can speak and understand English \u2013 it doesn\u2019t matter if you still make mistakes or if you are lacking in vocabulary \u2013 if you don\u2019t practice you lose it. What\u2019s more you may wish to get better and I think I can help you there. See you soon !<\/p>\n\n\n\n<p><strong>\u00a0 \u00a0 \u00a0 \u00a0 \u00a0 \u00a0 \u00a0 \u00a0 \u00a0<u>Pour tout renseignement suppl\u00e9mentaire n\u2019h\u00e9sitez pas \u00e0 me contacter \u00e0 l\u2019adresse suivante : pam.well@orange.fr<\/u><\/strong><\/p>\n\n\n\n<p class=\"has-text-align-center has-x-large-font-size\"><a href=\"https:\/\/www.foyerruralarvert.fr\/accueil\/activites\/\" data-type=\"page\" data-id=\"72\"><strong>Retour<\/strong><img loading=\"lazy\" decoding=\"async\" width=\"50\" height=\"50\" class=\"wp-image-577\" style=\"width: 50px;\" src=\"https:\/\/www.foyerruralarvert.fr\/wp-content\/uploads\/2024\/03\/retour.png\" alt=\"\" srcset=\"https:\/\/www.foyerruralarvert.fr\/wp-content\/uploads\/2024\/03\/retour.png 256w, https:\/\/www.foyerruralarvert.fr\/wp-content\/uploads\/2024\/03\/retour-150x150.png 150w\" sizes=\"auto, (max-width: 50px) 100vw, 50px\" \/><\/a><\/p>\n","protected":false},"excerpt":{"rendered":"<p>Professeur :&nbsp;Pam CAUWEL &nbsp;email : pam.well@orange.fr Les cours sont assur\u00e9s par\u00a0Pam\u00a0au local du FOYER RURAL D&rsquo;ARVERT. Nous vous proposons 4 niveaux pour les adultes . COURS POUR ADULTES: Niveau \u00ab\u00a0faux\u00a0\u00bb [&hellip;]<\/p>\n","protected":false},"author":1,"featured_media":0,"parent":0,"menu_order":0,"comment_status":"open","ping_status":"closed","template":"","meta":{"_uag_custom_page_level_css":"","site-sidebar-layout":"default","site-content-layout":"","ast-site-content-layout":"default","site-content-style":"default","site-sidebar-style":"default","ast-global-header-display":"","ast-banner-title-visibility":"","ast-main-header-display":"","ast-hfb-above-header-display":"","ast-hfb-below-header-display":"","ast-hfb-mobile-header-display":"","site-post-title":"","ast-breadcrumbs-content":"","ast-featured-img":"","footer-sml-layout":"","ast-disable-related-posts":"","theme-transparent-header-meta":"","adv-header-id-meta":"","stick-header-meta":"","header-above-stick-meta":"","header-main-stick-meta":"","header-below-stick-meta":"","astra-migrate-meta-layouts":"default","ast-page-background-enabled":"default","ast-page-background-meta":{"desktop":{"background-color":"var(--ast-global-color-4)","background-image":"","background-repeat":"repeat","background-position":"center center","background-size":"auto","background-attachment":"scroll","background-type":"","background-media":"","overlay-type":"","overlay-color":"","overlay-opacity":"","overlay-gradient":""},"tablet":{"background-color":"","background-image":"","background-repeat":"repeat","background-position":"center center","background-size":"auto","background-attachment":"scroll","background-type":"","background-media":"","overlay-type":"","overlay-color":"","overlay-opacity":"","overlay-gradient":""},"mobile":{"background-color":"","background-image":"","background-repeat":"repeat","background-position":"center center","background-size":"auto","background-attachment":"scroll","background-type":"","background-media":"","overlay-type":"","overlay-color":"","overlay-opacity":"","overlay-gradient":""}},"ast-content-background-meta":{"desktop":{"background-color":"var(--ast-global-color-5)","background-image":"","background-repeat":"repeat","background-position":"center center","background-size":"auto","background-attachment":"scroll","background-type":"","background-media":"","overlay-type":"","overlay-color":"","overlay-opacity":"","overlay-gradient":""},"tablet":{"background-color":"var(--ast-global-color-5)","background-image":"","background-repeat":"repeat","background-position":"center center","background-size":"auto","background-attachment":"scroll","background-type":"","background-media":"","overlay-type":"","overlay-color":"","overlay-opacity":"","overlay-gradient":""},"mobile":{"background-color":"var(--ast-global-color-5)","background-image":"","background-repeat":"repeat","background-position":"center center","background-size":"auto","background-attachment":"scroll","background-type":"","background-media":"","overlay-type":"","overlay-color":"","overlay-opacity":"","overlay-gradient":""}},"footnotes":""},"class_list":["post-549","page","type-page","status-publish","hentry"],"uagb_featured_image_src":{"full":false,"thumbnail":false,"medium":false,"medium_large":false,"large":false,"1536x1536":false,"2048x2048":false},"uagb_author_info":{"display_name":"foyerrural","author_link":"https:\/\/www.foyerruralarvert.fr\/accueil\/author\/foyerrural\/"},"uagb_comment_info":0,"uagb_excerpt":"Professeur :&nbsp;Pam CAUWEL &nbsp;email : pam.well@orange.fr Les cours sont assur\u00e9s par\u00a0Pam\u00a0au local du FOYER RURAL D&rsquo;ARVERT. Nous vous proposons 4 niveaux pour les adultes . COURS POUR ADULTES: Niveau \u00ab\u00a0faux\u00a0\u00bb [&hellip;]","_links":{"self":[{"href":"https:\/\/www.foyerruralarvert.fr\/accueil\/wp-json\/wp\/v2\/pages\/549","targetHints":{"allow":["GET"]}}],"collection":[{"href":"https:\/\/www.foyerruralarvert.fr\/accueil\/wp-json\/wp\/v2\/pages"}],"about":[{"href":"https:\/\/www.foyerruralarvert.fr\/accueil\/wp-json\/wp\/v2\/types\/page"}],"author":[{"embeddable":true,"href":"https:\/\/www.foyerruralarvert.fr\/accueil\/wp-json\/wp\/v2\/users\/1"}],"replies":[{"embeddable":true,"href":"https:\/\/www.foyerruralarvert.fr\/accueil\/wp-json\/wp\/v2\/comments?post=549"}],"version-history":[{"count":21,"href":"https:\/\/www.foyerruralarvert.fr\/accueil\/wp-json\/wp\/v2\/pages\/549\/revisions"}],"predecessor-version":[{"id":4286,"href":"https:\/\/www.foyerruralarvert.fr\/accueil\/wp-json\/wp\/v2\/pages\/549\/revisions\/4286"}],"wp:attachment":[{"href":"https:\/\/www.foyerruralarvert.fr\/accueil\/wp-json\/wp\/v2\/media?parent=549"}],"curies":[{"name":"wp","href":"https:\/\/api.w.org\/{rel}","templated":true}]}}